{"id":2307,"date":"2024-09-28T15:51:53","date_gmt":"2024-09-28T15:51:53","guid":{"rendered":"https:\/\/mt-komex.ba\/technical-services"},"modified":"2025-07-03T10:32:17","modified_gmt":"2025-07-03T10:32:17","slug":"technical-services","status":"publish","type":"page","link":"https:\/\/mt-komex.ba\/en\/technical-services","title":{"rendered":"Technical Services"},"content":{"rendered":"\t\t<div data-elementor-type=\"wp-page\" data-elementor-id=\"2307\" class=\"elementor elementor-2307 elementor-1691\" data-elementor-post-type=\"page\">\n\t\t\t\t\t\t<section class=\"elementor-section elementor-top-section elementor-element elementor-element-095c4b4 elementor-section-boxed elementor-section-height-default elementor-section-height-default\" data-id=\"095c4b4\" data-element_type=\"section\" data-settings=\"{&quot;background_background&quot;:&quot;classic&quot;}\">\n\t\t\t\t\t\t\t<div class=\"elementor-background-overlay\"><\/div>\n\t\t\t\t\t\t\t<div class=\"elementor-container elementor-column-gap-default\">\n\t\t\t\t\t<div class=\"elementor-column elementor-col-100 elementor-top-column elementor-element elementor-element-4dd18c4\" data-id=\"4dd18c4\" data-element_type=\"column\">\n\t\t\t<div class=\"elementor-widget-wrap elementor-element-populated\">\n\t\t\t\t\t\t<div class=\"elementor-element elementor-element-c3f755c elementor-widget elementor-widget-heading\" data-id=\"c3f755c\" data-element_type=\"widget\" data-widget_type=\"heading.default\">\n\t\t\t\t<div class=\"elementor-widget-container\">\n\t\t\t\t\t<h2 class=\"elementor-heading-title elementor-size-default\">Technical Services<\/h2>\t\t\t\t<\/div>\n\t\t\t\t<\/div>\n\t\t\t\t\t<\/div>\n\t\t<\/div>\n\t\t\t\t\t<\/div>\n\t\t<\/section>\n\t\t\t\t<section class=\"elementor-section elementor-top-section elementor-element elementor-element-1f001ff9 elementor-section-boxed elementor-section-height-default elementor-section-height-default\" data-id=\"1f001ff9\" data-element_type=\"section\" data-settings=\"{&quot;background_background&quot;:&quot;classic&quot;}\">\n\t\t\t\t\t\t<div class=\"elementor-container elementor-column-gap-default\">\n\t\t\t\t\t<div class=\"elementor-column elementor-col-100 elementor-top-column elementor-element elementor-element-38716d26\" data-id=\"38716d26\" data-element_type=\"column\">\n\t\t\t<div class=\"elementor-widget-wrap elementor-element-populated\">\n\t\t\t\t\t\t<section class=\"elementor-section elementor-inner-section elementor-element elementor-element-fcea25f animated-slow elementor-section-boxed elementor-section-height-default elementor-section-height-default elementor-invisible\" data-id=\"fcea25f\" data-element_type=\"section\" data-settings=\"{&quot;animation&quot;:&quot;fadeInUp&quot;}\">\n\t\t\t\t\t\t<div class=\"elementor-container elementor-column-gap-no\">\n\t\t\t\t\t<div class=\"elementor-column elementor-col-50 elementor-inner-column elementor-element elementor-element-6d4d6a1c\" data-id=\"6d4d6a1c\" data-element_type=\"column\">\n\t\t\t<div class=\"elementor-widget-wrap elementor-element-populated\">\n\t\t\t\t\t\t<div class=\"elementor-element elementor-element-49b7cf8b elementor-widget elementor-widget-image\" data-id=\"49b7cf8b\" data-element_type=\"widget\" data-widget_type=\"image.default\">\n\t\t\t\t<div class=\"elementor-widget-container\">\n\t\t\t\t\t\t\t\t\t\t\t\t\t\t\t<img decoding=\"async\" src=\"https:\/\/mt-komex.ba\/wp-content\/uploads\/elementor\/thumbs\/Konsalting-quot7kwpgyjakk91ygn2n88vf6vmt0zj4h10mqa448.jpg\" title=\"Konsalting\" alt=\"Konsalting\" loading=\"lazy\" \/>\t\t\t\t\t\t\t\t\t\t\t\t\t\t\t<\/div>\n\t\t\t\t<\/div>\n\t\t\t\t<div class=\"elementor-element elementor-element-769241c2 jkit-equal-height-disable elementor-widget elementor-widget-jkit_icon_box\" data-id=\"769241c2\" data-element_type=\"widget\" data-widget_type=\"jkit_icon_box.default\">\n\t\t\t\t<div class=\"elementor-widget-container\">\n\t\t\t\t\t<div  class=\"jeg-elementor-kit jkit-icon-box icon-position-left elementor-animation- jeg_module___69e36963e836e\" ><div class=\"jkit-icon-box-wrapper hover-from-left\"><div class=\"icon-box icon-box-header elementor-animation-\"><div class=\"icon style-color\"><img fetchpriority=\"high\" decoding=\"async\" width=\"256\" height=\"256\" src=\"https:\/\/mt-komex.ba\/wp-content\/uploads\/2024\/09\/konsalting-icon.png\" class=\"attachment-full size-full\" alt=\"KONSALTING\" url=\"https:\/\/mt-komex.ba\/wp-content\/uploads\/2024\/09\/konsalting-icon.png\" source=\"library\" srcset=\"https:\/\/mt-komex.ba\/wp-content\/uploads\/2024\/09\/konsalting-icon.png 256w, https:\/\/mt-komex.ba\/wp-content\/uploads\/2024\/09\/konsalting-icon-150x150.png 150w\" sizes=\"(max-width: 256px) 100vw, 256px\" \/><\/div><\/div><div class=\"icon-box icon-box-body\">\n                <h3 class=\"title\">KONSALTING<\/h3><p class=\"icon-box-description\">Bilo da vam je potreban pouzdan konsultant za energetsku efikasnost i obnovljive izvore energije ili partner za izradu studija, projekata i projektne dokumentacije, stojimo vam na raspolaganju.<\/p><div class=\"icon-box-button \">\n                <div class=\"btn-wrapper icon-position-after\">\n                    <a href=\"\/konsalting\" class=\"icon-box-link\" aria-label=\"detaljnije\">detaljnije<svg viewBox=\"0 0 448 512\" xmlns=\"http:\/\/www.w3.org\/2000\/svg\"><path d=\"M190.5 66.9l22.2-22.2c9.4-9.4 24.6-9.4 33.9 0L441 239c9.4 9.4 9.4 24.6 0 33.9L246.6 467.3c-9.4 9.4-24.6 9.4-33.9 0l-22.2-22.2c-9.5-9.5-9.3-25 .4-34.3L311.4 296H24c-13.3 0-24-10.7-24-24v-32c0-13.3 10.7-24 24-24h287.4L190.9 101.2c-9.8-9.3-10-24.8-.4-34.3z\"><\/path><\/svg><\/a>\n                <\/div>\n            <\/div>\n            <\/div>\n            \n            <\/div><\/div>\t\t\t\t<\/div>\n\t\t\t\t<\/div>\n\t\t\t\t\t<\/div>\n\t\t<\/div>\n\t\t\t\t<div class=\"elementor-column elementor-col-50 elementor-inner-column elementor-element elementor-element-ebdfc68\" data-id=\"ebdfc68\" data-element_type=\"column\">\n\t\t\t<div class=\"elementor-widget-wrap elementor-element-populated\">\n\t\t\t\t\t\t<div class=\"elementor-element elementor-element-27cf0bd9 elementor-widget elementor-widget-image\" data-id=\"27cf0bd9\" data-element_type=\"widget\" data-widget_type=\"image.default\">\n\t\t\t\t<div class=\"elementor-widget-container\">\n\t\t\t\t\t\t\t\t\t\t\t\t\t\t\t<img decoding=\"async\" src=\"https:\/\/mt-komex.ba\/wp-content\/uploads\/elementor\/thumbs\/Image-by-Credit-Commerce-from-Pixabay-quotiht8tph5dkec86h4lh3jq9326ibbyhpz8e3jvc.jpg\" title=\"Image by Credit Commerce from Pixabay\" alt=\"Image by Credit Commerce from Pixabay\" loading=\"lazy\" \/>\t\t\t\t\t\t\t\t\t\t\t\t\t\t\t<\/div>\n\t\t\t\t<\/div>\n\t\t\t\t<div class=\"elementor-element elementor-element-1c7054ee jkit-equal-height-disable elementor-widget elementor-widget-jkit_icon_box\" data-id=\"1c7054ee\" data-element_type=\"widget\" data-widget_type=\"jkit_icon_box.default\">\n\t\t\t\t<div class=\"elementor-widget-container\">\n\t\t\t\t\t<div  class=\"jeg-elementor-kit jkit-icon-box icon-position-left elementor-animation- jeg_module__1_69e36963e9244\" ><div class=\"jkit-icon-box-wrapper hover-from-left\"><div class=\"icon-box icon-box-header elementor-animation-\"><div class=\"icon style-color\"><img decoding=\"async\" width=\"256\" height=\"256\" src=\"https:\/\/mt-komex.ba\/wp-content\/uploads\/2024\/09\/finansije-icon.png\" class=\"attachment-full size-full\" alt=\"KONTAKT SA FINANSIJSKIM INSTITUCIJAMA\" url=\"https:\/\/mt-komex.ba\/wp-content\/uploads\/2024\/09\/finansije-icon.png\" source=\"library\" srcset=\"https:\/\/mt-komex.ba\/wp-content\/uploads\/2024\/09\/finansije-icon.png 256w, https:\/\/mt-komex.ba\/wp-content\/uploads\/2024\/09\/finansije-icon-150x150.png 150w\" sizes=\"(max-width: 256px) 100vw, 256px\" \/><\/div><\/div><div class=\"icon-box icon-box-body\">\n                <h3 class=\"title\">KONTAKT SA FINANSIJSKIM INSTITUCIJAMA<\/h3><p class=\"icon-box-description\">Aktivno u\u010destvujemo u pregovorima sa bankama i drugim finansijskim institucijama, olak\u0161avaju\u0107i vam da osigurate najpovoljnije uslove finansiranja za projekat. <\/p><div class=\"icon-box-button \">\n                <div class=\"btn-wrapper icon-position-after\">\n                    <a href=\"\/kontakt-sa-finansijskim-institucijama\" class=\"icon-box-link\" aria-label=\"DETALJNIJE\">DETALJNIJE<svg viewBox=\"0 0 448 512\" xmlns=\"http:\/\/www.w3.org\/2000\/svg\"><path d=\"M190.5 66.9l22.2-22.2c9.4-9.4 24.6-9.4 33.9 0L441 239c9.4 9.4 9.4 24.6 0 33.9L246.6 467.3c-9.4 9.4-24.6 9.4-33.9 0l-22.2-22.2c-9.5-9.5-9.3-25 .4-34.3L311.4 296H24c-13.3 0-24-10.7-24-24v-32c0-13.3 10.7-24 24-24h287.4L190.9 101.2c-9.8-9.3-10-24.8-.4-34.3z\"><\/path><\/svg><\/a>\n                <\/div>\n            <\/div>\n            <\/div>\n            \n            <\/div><\/div>\t\t\t\t<\/div>\n\t\t\t\t<\/div>\n\t\t\t\t\t<\/div>\n\t\t<\/div>\n\t\t\t\t\t<\/div>\n\t\t<\/section>\n\t\t\t\t\t<\/div>\n\t\t<\/div>\n\t\t\t\t\t<\/div>\n\t\t<\/section>\n\t\t\t\t<\/div>\n\t\t","protected":false},"excerpt":{"rendered":"<p>Technical Services KONSALTING Bilo da vam je potreban pouzdan konsultant za energetsku efikasnost i obnovljive izvore energije ili partner za izradu studija, projekata i projektne dokumentacije, stojimo vam na raspolaganju. detaljnije KONTAKT SA FINANSIJSKIM INSTITUCIJAMA Aktivno u\u010destvujemo u pregovorima sa bankama i drugim finansijskim institucijama, olak\u0161avaju\u0107i vam da osigurate najpovoljnije uslove finansiranja za projekat. DETALJNIJE<\/p>\n","protected":false},"author":1,"featured_media":0,"parent":0,"menu_order":0,"comment_status":"closed","ping_status":"closed","template":"elementor_header_footer","meta":{"footnotes":""},"class_list":["post-2307","page","type-page","status-publish","hentry"],"yoast_head":"<!-- This site is optimized with the Yoast SEO plugin v25.3 - https:\/\/yoast.com\/wordpress\/plugins\/seo\/ -->\n<title>Technical Services - MT-Komex BH<\/title>\n<meta name=\"robots\" content=\"index, follow, max-snippet:-1, max-image-preview:large, max-video-preview:-1\" \/>\n<link rel=\"canonical\" href=\"https:\/\/mt-komex.ba\/en\/technical-services\" \/>\n<meta property=\"og:locale\" content=\"en_US\" \/>\n<meta property=\"og:type\" content=\"article\" \/>\n<meta property=\"og:title\" content=\"Technical Services - MT-Komex BH\" \/>\n<meta property=\"og:description\" content=\"Technical Services KONSALTING Bilo da vam je potreban pouzdan konsultant za energetsku efikasnost i obnovljive izvore energije ili partner za izradu studija, projekata i projektne dokumentacije, stojimo vam na raspolaganju. detaljnije KONTAKT SA FINANSIJSKIM INSTITUCIJAMA Aktivno u\u010destvujemo u pregovorima sa bankama i drugim finansijskim institucijama, olak\u0161avaju\u0107i vam da osigurate najpovoljnije uslove finansiranja za projekat. DETALJNIJE\" \/>\n<meta property=\"og:url\" content=\"https:\/\/mt-komex.ba\/en\/technical-services\" \/>\n<meta property=\"og:site_name\" content=\"MT-Komex BH\" \/>\n<meta property=\"article:publisher\" content=\"https:\/\/www.facebook.com\/profile.php?id=61557102788988\" \/>\n<meta property=\"article:modified_time\" content=\"2025-07-03T10:32:17+00:00\" \/>\n<meta property=\"og:image\" content=\"https:\/\/mt-komex.ba\/wp-content\/uploads\/elementor\/thumbs\/Konsalting-quot7kwpgyjakk91ygn2n88vf6vmt0zj4h10mqa448.jpg\" \/>\n<meta name=\"twitter:card\" content=\"summary_large_image\" \/>\n<meta name=\"twitter:label1\" content=\"Est. reading time\" \/>\n\t<meta name=\"twitter:data1\" content=\"2 minutes\" \/>\n<script type=\"application\/ld+json\" class=\"yoast-schema-graph\">{\"@context\":\"https:\/\/schema.org\",\"@graph\":[{\"@type\":\"WebPage\",\"@id\":\"https:\/\/mt-komex.ba\/en\/technical-services\",\"url\":\"https:\/\/mt-komex.ba\/en\/technical-services\",\"name\":\"Technical Services - MT-Komex BH\",\"isPartOf\":{\"@id\":\"https:\/\/mt-komex.ba\/en#website\"},\"primaryImageOfPage\":{\"@id\":\"https:\/\/mt-komex.ba\/en\/technical-services#primaryimage\"},\"image\":{\"@id\":\"https:\/\/mt-komex.ba\/en\/technical-services#primaryimage\"},\"thumbnailUrl\":\"https:\/\/mt-komex.ba\/wp-content\/uploads\/elementor\/thumbs\/Konsalting-quot7kwpgyjakk91ygn2n88vf6vmt0zj4h10mqa448.jpg\",\"datePublished\":\"2024-09-28T15:51:53+00:00\",\"dateModified\":\"2025-07-03T10:32:17+00:00\",\"breadcrumb\":{\"@id\":\"https:\/\/mt-komex.ba\/en\/technical-services#breadcrumb\"},\"inLanguage\":\"en-US\",\"potentialAction\":[{\"@type\":\"ReadAction\",\"target\":[\"https:\/\/mt-komex.ba\/en\/technical-services\"]}]},{\"@type\":\"ImageObject\",\"inLanguage\":\"en-US\",\"@id\":\"https:\/\/mt-komex.ba\/en\/technical-services#primaryimage\",\"url\":\"https:\/\/mt-komex.ba\/wp-content\/uploads\/elementor\/thumbs\/Konsalting-quot7kwpgyjakk91ygn2n88vf6vmt0zj4h10mqa448.jpg\",\"contentUrl\":\"https:\/\/mt-komex.ba\/wp-content\/uploads\/elementor\/thumbs\/Konsalting-quot7kwpgyjakk91ygn2n88vf6vmt0zj4h10mqa448.jpg\"},{\"@type\":\"BreadcrumbList\",\"@id\":\"https:\/\/mt-komex.ba\/en\/technical-services#breadcrumb\",\"itemListElement\":[{\"@type\":\"ListItem\",\"position\":1,\"name\":\"Home\",\"item\":\"https:\/\/mt-komex.ba\/en\"},{\"@type\":\"ListItem\",\"position\":2,\"name\":\"Technical Services\"}]},{\"@type\":\"WebSite\",\"@id\":\"https:\/\/mt-komex.ba\/en#website\",\"url\":\"https:\/\/mt-komex.ba\/en\",\"name\":\"MT-Komex BH\",\"description\":\"Zajedno gradimo budu\u0107nost\",\"publisher\":{\"@id\":\"https:\/\/mt-komex.ba\/en#organization\"},\"potentialAction\":[{\"@type\":\"SearchAction\",\"target\":{\"@type\":\"EntryPoint\",\"urlTemplate\":\"https:\/\/mt-komex.ba\/en?s={search_term_string}\"},\"query-input\":{\"@type\":\"PropertyValueSpecification\",\"valueRequired\":true,\"valueName\":\"search_term_string\"}}],\"inLanguage\":\"en-US\"},{\"@type\":\"Organization\",\"@id\":\"https:\/\/mt-komex.ba\/en#organization\",\"name\":\"MT-Komex BH\",\"url\":\"https:\/\/mt-komex.ba\/en\",\"logo\":{\"@type\":\"ImageObject\",\"inLanguage\":\"en-US\",\"@id\":\"https:\/\/mt-komex.ba\/en#\/schema\/logo\/image\/\",\"url\":\"https:\/\/mt-komex.ba\/wp-content\/uploads\/2024\/07\/Logo.png\",\"contentUrl\":\"https:\/\/mt-komex.ba\/wp-content\/uploads\/2024\/07\/Logo.png\",\"width\":800,\"height\":353,\"caption\":\"MT-Komex BH\"},\"image\":{\"@id\":\"https:\/\/mt-komex.ba\/en#\/schema\/logo\/image\/\"},\"sameAs\":[\"https:\/\/www.facebook.com\/profile.php?id=61557102788988\"]}]}<\/script>\n<!-- \/ Yoast SEO plugin. -->","yoast_head_json":{"title":"Technical Services - MT-Komex BH","robots":{"index":"index","follow":"follow","max-snippet":"max-snippet:-1","max-image-preview":"max-image-preview:large","max-video-preview":"max-video-preview:-1"},"canonical":"https:\/\/mt-komex.ba\/en\/technical-services","og_locale":"en_US","og_type":"article","og_title":"Technical Services - MT-Komex BH","og_description":"Technical Services KONSALTING Bilo da vam je potreban pouzdan konsultant za energetsku efikasnost i obnovljive izvore energije ili partner za izradu studija, projekata i projektne dokumentacije, stojimo vam na raspolaganju. detaljnije KONTAKT SA FINANSIJSKIM INSTITUCIJAMA Aktivno u\u010destvujemo u pregovorima sa bankama i drugim finansijskim institucijama, olak\u0161avaju\u0107i vam da osigurate najpovoljnije uslove finansiranja za projekat. DETALJNIJE","og_url":"https:\/\/mt-komex.ba\/en\/technical-services","og_site_name":"MT-Komex BH","article_publisher":"https:\/\/www.facebook.com\/profile.php?id=61557102788988","article_modified_time":"2025-07-03T10:32:17+00:00","og_image":[{"url":"https:\/\/mt-komex.ba\/wp-content\/uploads\/elementor\/thumbs\/Konsalting-quot7kwpgyjakk91ygn2n88vf6vmt0zj4h10mqa448.jpg","type":"","width":"","height":""}],"twitter_card":"summary_large_image","twitter_misc":{"Est. reading time":"2 minutes"},"schema":{"@context":"https:\/\/schema.org","@graph":[{"@type":"WebPage","@id":"https:\/\/mt-komex.ba\/en\/technical-services","url":"https:\/\/mt-komex.ba\/en\/technical-services","name":"Technical Services - MT-Komex BH","isPartOf":{"@id":"https:\/\/mt-komex.ba\/en#website"},"primaryImageOfPage":{"@id":"https:\/\/mt-komex.ba\/en\/technical-services#primaryimage"},"image":{"@id":"https:\/\/mt-komex.ba\/en\/technical-services#primaryimage"},"thumbnailUrl":"https:\/\/mt-komex.ba\/wp-content\/uploads\/elementor\/thumbs\/Konsalting-quot7kwpgyjakk91ygn2n88vf6vmt0zj4h10mqa448.jpg","datePublished":"2024-09-28T15:51:53+00:00","dateModified":"2025-07-03T10:32:17+00:00","breadcrumb":{"@id":"https:\/\/mt-komex.ba\/en\/technical-services#breadcrumb"},"inLanguage":"en-US","potentialAction":[{"@type":"ReadAction","target":["https:\/\/mt-komex.ba\/en\/technical-services"]}]},{"@type":"ImageObject","inLanguage":"en-US","@id":"https:\/\/mt-komex.ba\/en\/technical-services#primaryimage","url":"https:\/\/mt-komex.ba\/wp-content\/uploads\/elementor\/thumbs\/Konsalting-quot7kwpgyjakk91ygn2n88vf6vmt0zj4h10mqa448.jpg","contentUrl":"https:\/\/mt-komex.ba\/wp-content\/uploads\/elementor\/thumbs\/Konsalting-quot7kwpgyjakk91ygn2n88vf6vmt0zj4h10mqa448.jpg"},{"@type":"BreadcrumbList","@id":"https:\/\/mt-komex.ba\/en\/technical-services#breadcrumb","itemListElement":[{"@type":"ListItem","position":1,"name":"Home","item":"https:\/\/mt-komex.ba\/en"},{"@type":"ListItem","position":2,"name":"Technical Services"}]},{"@type":"WebSite","@id":"https:\/\/mt-komex.ba\/en#website","url":"https:\/\/mt-komex.ba\/en","name":"MT-Komex BH","description":"Zajedno gradimo budu\u0107nost","publisher":{"@id":"https:\/\/mt-komex.ba\/en#organization"},"potentialAction":[{"@type":"SearchAction","target":{"@type":"EntryPoint","urlTemplate":"https:\/\/mt-komex.ba\/en?s={search_term_string}"},"query-input":{"@type":"PropertyValueSpecification","valueRequired":true,"valueName":"search_term_string"}}],"inLanguage":"en-US"},{"@type":"Organization","@id":"https:\/\/mt-komex.ba\/en#organization","name":"MT-Komex BH","url":"https:\/\/mt-komex.ba\/en","logo":{"@type":"ImageObject","inLanguage":"en-US","@id":"https:\/\/mt-komex.ba\/en#\/schema\/logo\/image\/","url":"https:\/\/mt-komex.ba\/wp-content\/uploads\/2024\/07\/Logo.png","contentUrl":"https:\/\/mt-komex.ba\/wp-content\/uploads\/2024\/07\/Logo.png","width":800,"height":353,"caption":"MT-Komex BH"},"image":{"@id":"https:\/\/mt-komex.ba\/en#\/schema\/logo\/image\/"},"sameAs":["https:\/\/www.facebook.com\/profile.php?id=61557102788988"]}]}},"_links":{"self":[{"href":"https:\/\/mt-komex.ba\/en\/wp-json\/wp\/v2\/pages\/2307","targetHints":{"allow":["GET"]}}],"collection":[{"href":"https:\/\/mt-komex.ba\/en\/wp-json\/wp\/v2\/pages"}],"about":[{"href":"https:\/\/mt-komex.ba\/en\/wp-json\/wp\/v2\/types\/page"}],"author":[{"embeddable":true,"href":"https:\/\/mt-komex.ba\/en\/wp-json\/wp\/v2\/users\/1"}],"replies":[{"embeddable":true,"href":"https:\/\/mt-komex.ba\/en\/wp-json\/wp\/v2\/comments?post=2307"}],"version-history":[{"count":11,"href":"https:\/\/mt-komex.ba\/en\/wp-json\/wp\/v2\/pages\/2307\/revisions"}],"predecessor-version":[{"id":2532,"href":"https:\/\/mt-komex.ba\/en\/wp-json\/wp\/v2\/pages\/2307\/revisions\/2532"}],"wp:attachment":[{"href":"https:\/\/mt-komex.ba\/en\/wp-json\/wp\/v2\/media?parent=2307"}],"curies":[{"name":"wp","href":"https:\/\/api.w.org\/{rel}","templated":true}]}}