{"id":2235,"date":"2024-09-26T20:10:10","date_gmt":"2024-09-26T20:10:10","guid":{"rendered":"https:\/\/mt-komex.ba\/construction"},"modified":"2025-07-02T14:52:46","modified_gmt":"2025-07-02T14:52:46","slug":"construction","status":"publish","type":"page","link":"https:\/\/mt-komex.ba\/en\/construction","title":{"rendered":"Construction"},"content":{"rendered":"\t\t<div data-elementor-type=\"wp-page\" data-elementor-id=\"2235\" class=\"elementor elementor-2235 elementor-1664\" data-elementor-post-type=\"page\">\n\t\t\t\t\t\t<section class=\"elementor-section elementor-top-section elementor-element elementor-element-1c8062e elementor-section-boxed elementor-section-height-default elementor-section-height-default\" data-id=\"1c8062e\" data-element_type=\"section\" data-settings=\"{&quot;background_background&quot;:&quot;classic&quot;}\">\n\t\t\t\t\t\t\t<div class=\"elementor-background-overlay\"><\/div>\n\t\t\t\t\t\t\t<div class=\"elementor-container elementor-column-gap-default\">\n\t\t\t\t\t<div class=\"elementor-column elementor-col-100 elementor-top-column elementor-element elementor-element-c23ffba\" data-id=\"c23ffba\" data-element_type=\"column\">\n\t\t\t<div class=\"elementor-widget-wrap elementor-element-populated\">\n\t\t\t\t\t\t<div class=\"elementor-element elementor-element-8215bbb elementor-widget elementor-widget-heading\" data-id=\"8215bbb\" data-element_type=\"widget\" data-widget_type=\"heading.default\">\n\t\t\t\t<div class=\"elementor-widget-container\">\n\t\t\t\t\t<h2 class=\"elementor-heading-title elementor-size-default\">construction<\/h2>\t\t\t\t<\/div>\n\t\t\t\t<\/div>\n\t\t\t\t\t<\/div>\n\t\t<\/div>\n\t\t\t\t\t<\/div>\n\t\t<\/section>\n\t\t\t\t<section class=\"elementor-section elementor-top-section elementor-element elementor-element-56ac62c elementor-section-boxed elementor-section-height-default elementor-section-height-default\" data-id=\"56ac62c\" data-element_type=\"section\">\n\t\t\t\t\t\t<div class=\"elementor-container elementor-column-gap-default\">\n\t\t\t\t\t<div class=\"elementor-column elementor-col-100 elementor-top-column elementor-element elementor-element-0b3752c\" data-id=\"0b3752c\" data-element_type=\"column\">\n\t\t\t<div class=\"elementor-widget-wrap elementor-element-populated\">\n\t\t\t\t\t\t<section class=\"elementor-section elementor-inner-section elementor-element elementor-element-1c3ad2a animated-slow elementor-section-boxed elementor-section-height-default elementor-section-height-default elementor-invisible\" data-id=\"1c3ad2a\" data-element_type=\"section\" data-settings=\"{&quot;animation&quot;:&quot;fadeInUp&quot;}\">\n\t\t\t\t\t\t<div class=\"elementor-container elementor-column-gap-no\">\n\t\t\t\t\t<div class=\"elementor-column elementor-col-33 elementor-inner-column elementor-element elementor-element-381dad4\" data-id=\"381dad4\" data-element_type=\"column\">\n\t\t\t<div class=\"elementor-widget-wrap elementor-element-populated\">\n\t\t\t\t\t\t<div class=\"elementor-element elementor-element-9675751 elementor-widget elementor-widget-image\" data-id=\"9675751\" data-element_type=\"widget\" data-widget_type=\"image.default\">\n\t\t\t\t<div class=\"elementor-widget-container\">\n\t\t\t\t\t\t\t\t\t\t\t\t\t\t\t<img decoding=\"async\" src=\"https:\/\/mt-komex.ba\/wp-content\/uploads\/elementor\/thumbs\/SE-zemlja-1-quod8ps3pll81x9vrh237sl8iqba91tb35nlhkmziw.jpg\" title=\"SE-zemlja-1\" alt=\"SE-zemlja-1\" loading=\"lazy\" \/>\t\t\t\t\t\t\t\t\t\t\t\t\t\t\t<\/div>\n\t\t\t\t<\/div>\n\t\t\t\t<div class=\"elementor-element elementor-element-94fd3df jkit-equal-height-disable elementor-widget elementor-widget-jkit_icon_box\" data-id=\"94fd3df\" data-element_type=\"widget\" data-widget_type=\"jkit_icon_box.default\">\n\t\t\t\t<div class=\"elementor-widget-container\">\n\t\t\t\t\t<div  class=\"jeg-elementor-kit jkit-icon-box icon-position-left elementor-animation- jeg_module___69e3696414fdc\" ><div class=\"jkit-icon-box-wrapper hover-from-left\"><div class=\"icon-box icon-box-header elementor-animation-\"><div class=\"icon style-color\"><img fetchpriority=\"high\" decoding=\"async\" width=\"300\" height=\"300\" src=\"https:\/\/mt-komex.ba\/wp-content\/uploads\/2024\/07\/Favicon-300x300.png\" class=\"attachment-medium size-medium\" alt=\"SOLARNE ELEKTRANE NA ZEMLJI\" url=\"https:\/\/mt-komex.ba\/wp-content\/uploads\/2024\/07\/Favicon.png\" source=\"library\" srcset=\"https:\/\/mt-komex.ba\/wp-content\/uploads\/2024\/07\/Favicon-300x300.png 300w, https:\/\/mt-komex.ba\/wp-content\/uploads\/2024\/07\/Favicon-150x150.png 150w, https:\/\/mt-komex.ba\/wp-content\/uploads\/2024\/07\/Favicon.png 512w\" sizes=\"(max-width: 300px) 100vw, 300px\" \/><\/div><\/div><div class=\"icon-box icon-box-body\">\n                <h3 class=\"title\">SOLARNE ELEKTRANE NA ZEMLJI<\/h3><p class=\"icon-box-description\">Kompletna realizacija projekta, od izrade projekta za izvo\u0111enje, do pode\u0161avanja i pu\u0161tanja sistema u rad.<\/p><div class=\"icon-box-button \">\n                <div class=\"btn-wrapper icon-position-after\">\n                    <a href=\"\/solari-na-zemlji\" class=\"icon-box-link\" aria-label=\"DETALJNIJE\">DETALJNIJE<svg viewBox=\"0 0 448 512\" xmlns=\"http:\/\/www.w3.org\/2000\/svg\"><path d=\"M190.5 66.9l22.2-22.2c9.4-9.4 24.6-9.4 33.9 0L441 239c9.4 9.4 9.4 24.6 0 33.9L246.6 467.3c-9.4 9.4-24.6 9.4-33.9 0l-22.2-22.2c-9.5-9.5-9.3-25 .4-34.3L311.4 296H24c-13.3 0-24-10.7-24-24v-32c0-13.3 10.7-24 24-24h287.4L190.9 101.2c-9.8-9.3-10-24.8-.4-34.3z\"><\/path><\/svg><\/a>\n                <\/div>\n            <\/div>\n            <\/div>\n            \n            <\/div><\/div>\t\t\t\t<\/div>\n\t\t\t\t<\/div>\n\t\t\t\t\t<\/div>\n\t\t<\/div>\n\t\t\t\t<div class=\"elementor-column elementor-col-33 elementor-inner-column elementor-element elementor-element-74e5558\" data-id=\"74e5558\" data-element_type=\"column\">\n\t\t\t<div class=\"elementor-widget-wrap elementor-element-populated\">\n\t\t\t\t\t\t<div class=\"elementor-element elementor-element-7700e21 elementor-widget elementor-widget-image\" data-id=\"7700e21\" data-element_type=\"widget\" data-widget_type=\"image.default\">\n\t\t\t\t<div class=\"elementor-widget-container\">\n\t\t\t\t\t\t\t\t\t\t\t\t\t\t\t<img decoding=\"async\" src=\"https:\/\/mt-komex.ba\/wp-content\/uploads\/elementor\/thumbs\/SE-krov-6-quvqy3nua5vq6x0nmnx1ki3575qtzwqcjf4gg7y1y0.jpg\" title=\"SE-krov-6\" alt=\"SE-krov-6\" loading=\"lazy\" \/>\t\t\t\t\t\t\t\t\t\t\t\t\t\t\t<\/div>\n\t\t\t\t<\/div>\n\t\t\t\t<div class=\"elementor-element elementor-element-3e9aafc jkit-equal-height-disable elementor-widget elementor-widget-jkit_icon_box\" data-id=\"3e9aafc\" data-element_type=\"widget\" data-widget_type=\"jkit_icon_box.default\">\n\t\t\t\t<div class=\"elementor-widget-container\">\n\t\t\t\t\t<div  class=\"jeg-elementor-kit jkit-icon-box icon-position-left elementor-animation- jeg_module__1_69e3696415b34\" ><div class=\"jkit-icon-box-wrapper hover-from-left\"><div class=\"icon-box icon-box-header elementor-animation-\"><div class=\"icon style-color\"><img decoding=\"async\" width=\"256\" height=\"256\" src=\"https:\/\/mt-komex.ba\/wp-content\/uploads\/2024\/09\/solar-na-krovu-icon.png\" class=\"attachment-full size-full\" alt=\"SOLARNE ELEKTRANE NA KROVU\" url=\"https:\/\/mt-komex.ba\/wp-content\/uploads\/2024\/09\/solar-na-krovu-icon.png\" source=\"library\" srcset=\"https:\/\/mt-komex.ba\/wp-content\/uploads\/2024\/09\/solar-na-krovu-icon.png 256w, https:\/\/mt-komex.ba\/wp-content\/uploads\/2024\/09\/solar-na-krovu-icon-150x150.png 150w\" sizes=\"(max-width: 256px) 100vw, 256px\" \/><\/div><\/div><div class=\"icon-box icon-box-body\">\n                <h3 class=\"title\">SOLARNE ELEKTRANE NA KROVU<\/h3><p class=\"icon-box-description\">Isporuka opreme, Izvo\u0111enje gra\u0111evinskih i elektroenergetskih instalacija, Ispitivanje, pode\u0161avanje i pu\u0161tanje sistema u rad.<\/p><div class=\"icon-box-button \">\n                <div class=\"btn-wrapper icon-position-after\">\n                    <a href=\"\/solari-na-krovu\" class=\"icon-box-link\" aria-label=\"DETALJNIJE\">DETALJNIJE<svg viewBox=\"0 0 448 512\" xmlns=\"http:\/\/www.w3.org\/2000\/svg\"><path d=\"M190.5 66.9l22.2-22.2c9.4-9.4 24.6-9.4 33.9 0L441 239c9.4 9.4 9.4 24.6 0 33.9L246.6 467.3c-9.4 9.4-24.6 9.4-33.9 0l-22.2-22.2c-9.5-9.5-9.3-25 .4-34.3L311.4 296H24c-13.3 0-24-10.7-24-24v-32c0-13.3 10.7-24 24-24h287.4L190.9 101.2c-9.8-9.3-10-24.8-.4-34.3z\"><\/path><\/svg><\/a>\n                <\/div>\n            <\/div>\n            <\/div>\n            \n            <\/div><\/div>\t\t\t\t<\/div>\n\t\t\t\t<\/div>\n\t\t\t\t\t<\/div>\n\t\t<\/div>\n\t\t\t\t<div class=\"elementor-column elementor-col-33 elementor-inner-column elementor-element elementor-element-27050d4\" data-id=\"27050d4\" data-element_type=\"column\">\n\t\t\t<div class=\"elementor-widget-wrap elementor-element-populated\">\n\t\t\t\t\t\t<div class=\"elementor-element elementor-element-8a01bab elementor-widget elementor-widget-image\" data-id=\"8a01bab\" data-element_type=\"widget\" data-widget_type=\"image.default\">\n\t\t\t\t<div class=\"elementor-widget-container\">\n\t\t\t\t\t\t\t\t\t\t\t\t\t\t\t<img decoding=\"async\" src=\"https:\/\/mt-komex.ba\/wp-content\/uploads\/elementor\/thumbs\/EEpostrojenja4-qus2i4e0z0vjuorwa6fu66oflkie3x6ko404wbh6c8.jpg\" title=\"EEpostrojenja4\" alt=\"EEpostrojenja4\" loading=\"lazy\" \/>\t\t\t\t\t\t\t\t\t\t\t\t\t\t\t<\/div>\n\t\t\t\t<\/div>\n\t\t\t\t<div class=\"elementor-element elementor-element-00d7f0d jkit-equal-height-disable elementor-widget elementor-widget-jkit_icon_box\" data-id=\"00d7f0d\" data-element_type=\"widget\" data-widget_type=\"jkit_icon_box.default\">\n\t\t\t\t<div class=\"elementor-widget-container\">\n\t\t\t\t\t<div  class=\"jeg-elementor-kit jkit-icon-box icon-position-left elementor-animation- jeg_module__2_69e3696416617\" ><div class=\"jkit-icon-box-wrapper hover-from-left\"><div class=\"icon-box icon-box-header elementor-animation-\"><div class=\"icon style-color\"><img decoding=\"async\" width=\"256\" height=\"256\" src=\"https:\/\/mt-komex.ba\/wp-content\/uploads\/2024\/09\/eepostrojenja-icon2.png\" class=\"attachment-full size-full\" alt=\"ELEKTRO-ENERGETSKA POSTROJENJA\" url=\"https:\/\/mt-komex.ba\/wp-content\/uploads\/2024\/09\/eepostrojenja-icon2.png\" source=\"library\" srcset=\"https:\/\/mt-komex.ba\/wp-content\/uploads\/2024\/09\/eepostrojenja-icon2.png 256w, https:\/\/mt-komex.ba\/wp-content\/uploads\/2024\/09\/eepostrojenja-icon2-150x150.png 150w\" sizes=\"(max-width: 256px) 100vw, 256px\" \/><\/div><\/div><div class=\"icon-box icon-box-body\">\n                <h3 class=\"title\">ELEKTRO-ENERGETSKA POSTROJENJA<\/h3><p class=\"icon-box-description\">Izgradnja trafostanica i priklju\u010dnih vodova od elektrane do mjesta priklju\u010denja  po gotovom projektu ili po sistemu \u201cklju\u010d u ruke\u201d.<\/p><div class=\"icon-box-button \">\n                <div class=\"btn-wrapper icon-position-after\">\n                    <a href=\"\/eepostrojenja\" class=\"icon-box-link\" aria-label=\"detaljnije\">detaljnije<svg viewBox=\"0 0 448 512\" xmlns=\"http:\/\/www.w3.org\/2000\/svg\"><path d=\"M190.5 66.9l22.2-22.2c9.4-9.4 24.6-9.4 33.9 0L441 239c9.4 9.4 9.4 24.6 0 33.9L246.6 467.3c-9.4 9.4-24.6 9.4-33.9 0l-22.2-22.2c-9.5-9.5-9.3-25 .4-34.3L311.4 296H24c-13.3 0-24-10.7-24-24v-32c0-13.3 10.7-24 24-24h287.4L190.9 101.2c-9.8-9.3-10-24.8-.4-34.3z\"><\/path><\/svg><\/a>\n                <\/div>\n            <\/div>\n            <\/div>\n            \n            <\/div><\/div>\t\t\t\t<\/div>\n\t\t\t\t<\/div>\n\t\t\t\t\t<\/div>\n\t\t<\/div>\n\t\t\t\t\t<\/div>\n\t\t<\/section>\n\t\t\t\t\t<\/div>\n\t\t<\/div>\n\t\t\t\t\t<\/div>\n\t\t<\/section>\n\t\t\t\t<\/div>\n\t\t","protected":false},"excerpt":{"rendered":"<p>construction SOLARNE ELEKTRANE NA ZEMLJI Kompletna realizacija projekta, od izrade projekta za izvo\u0111enje, do pode\u0161avanja i pu\u0161tanja sistema u rad. DETALJNIJE SOLARNE ELEKTRANE NA KROVU Isporuka opreme, Izvo\u0111enje gra\u0111evinskih i elektroenergetskih instalacija, Ispitivanje, pode\u0161avanje i pu\u0161tanje sistema u rad. DETALJNIJE ELEKTRO-ENERGETSKA POSTROJENJA Izgradnja trafostanica i priklju\u010dnih vodova od elektrane do mjesta priklju\u010denja po gotovom projektu [&hellip;]<\/p>\n","protected":false},"author":1,"featured_media":0,"parent":0,"menu_order":0,"comment_status":"closed","ping_status":"closed","template":"elementor_header_footer","meta":{"footnotes":""},"class_list":["post-2235","page","type-page","status-publish","hentry"],"yoast_head":"<!-- This site is optimized with the Yoast SEO plugin v25.3 - https:\/\/yoast.com\/wordpress\/plugins\/seo\/ -->\n<title>construction of solar power plants<\/title>\n<meta name=\"description\" content=\"Construction of solar power plants on the ground, on the roof and electric power plants. Complete realization of the project.\" \/>\n<meta name=\"robots\" content=\"index, follow, max-snippet:-1, max-image-preview:large, max-video-preview:-1\" \/>\n<link rel=\"canonical\" href=\"https:\/\/mt-komex.ba\/en\/construction\" \/>\n<meta property=\"og:locale\" content=\"en_US\" \/>\n<meta property=\"og:type\" content=\"article\" \/>\n<meta property=\"og:title\" content=\"construction of solar power plants\" \/>\n<meta property=\"og:description\" content=\"Construction of solar power plants on the ground, on the roof and electric power plants. Complete realization of the project.\" \/>\n<meta property=\"og:url\" content=\"https:\/\/mt-komex.ba\/en\/construction\" \/>\n<meta property=\"og:site_name\" content=\"MT-Komex BH\" \/>\n<meta property=\"article:publisher\" content=\"https:\/\/www.facebook.com\/profile.php?id=61557102788988\" \/>\n<meta property=\"article:modified_time\" content=\"2025-07-02T14:52:46+00:00\" \/>\n<meta property=\"og:image\" content=\"https:\/\/mt-komex.ba\/wp-content\/uploads\/elementor\/thumbs\/SE-zemlja-1-quod8ps3pll81x9vrh237sl8iqba91tb35nlhkmziw.jpg\" \/>\n<meta name=\"twitter:card\" content=\"summary_large_image\" \/>\n<meta name=\"twitter:label1\" content=\"Est. reading time\" \/>\n\t<meta name=\"twitter:data1\" content=\"2 minutes\" \/>\n<script type=\"application\/ld+json\" class=\"yoast-schema-graph\">{\"@context\":\"https:\/\/schema.org\",\"@graph\":[{\"@type\":\"WebPage\",\"@id\":\"https:\/\/mt-komex.ba\/en\/construction\",\"url\":\"https:\/\/mt-komex.ba\/en\/construction\",\"name\":\"construction of solar power plants\",\"isPartOf\":{\"@id\":\"https:\/\/mt-komex.ba\/en#website\"},\"primaryImageOfPage\":{\"@id\":\"https:\/\/mt-komex.ba\/en\/construction#primaryimage\"},\"image\":{\"@id\":\"https:\/\/mt-komex.ba\/en\/construction#primaryimage\"},\"thumbnailUrl\":\"https:\/\/mt-komex.ba\/wp-content\/uploads\/elementor\/thumbs\/SE-zemlja-1-quod8ps3pll81x9vrh237sl8iqba91tb35nlhkmziw.jpg\",\"datePublished\":\"2024-09-26T20:10:10+00:00\",\"dateModified\":\"2025-07-02T14:52:46+00:00\",\"description\":\"Construction of solar power plants on the ground, on the roof and electric power plants. Complete realization of the project.\",\"breadcrumb\":{\"@id\":\"https:\/\/mt-komex.ba\/en\/construction#breadcrumb\"},\"inLanguage\":\"en-US\",\"potentialAction\":[{\"@type\":\"ReadAction\",\"target\":[\"https:\/\/mt-komex.ba\/en\/construction\"]}]},{\"@type\":\"ImageObject\",\"inLanguage\":\"en-US\",\"@id\":\"https:\/\/mt-komex.ba\/en\/construction#primaryimage\",\"url\":\"https:\/\/mt-komex.ba\/wp-content\/uploads\/elementor\/thumbs\/SE-zemlja-1-quod8ps3pll81x9vrh237sl8iqba91tb35nlhkmziw.jpg\",\"contentUrl\":\"https:\/\/mt-komex.ba\/wp-content\/uploads\/elementor\/thumbs\/SE-zemlja-1-quod8ps3pll81x9vrh237sl8iqba91tb35nlhkmziw.jpg\"},{\"@type\":\"BreadcrumbList\",\"@id\":\"https:\/\/mt-komex.ba\/en\/construction#breadcrumb\",\"itemListElement\":[{\"@type\":\"ListItem\",\"position\":1,\"name\":\"Home\",\"item\":\"https:\/\/mt-komex.ba\/en\"},{\"@type\":\"ListItem\",\"position\":2,\"name\":\"Construction\"}]},{\"@type\":\"WebSite\",\"@id\":\"https:\/\/mt-komex.ba\/en#website\",\"url\":\"https:\/\/mt-komex.ba\/en\",\"name\":\"MT-Komex BH\",\"description\":\"Zajedno gradimo budu\u0107nost\",\"publisher\":{\"@id\":\"https:\/\/mt-komex.ba\/en#organization\"},\"potentialAction\":[{\"@type\":\"SearchAction\",\"target\":{\"@type\":\"EntryPoint\",\"urlTemplate\":\"https:\/\/mt-komex.ba\/en?s={search_term_string}\"},\"query-input\":{\"@type\":\"PropertyValueSpecification\",\"valueRequired\":true,\"valueName\":\"search_term_string\"}}],\"inLanguage\":\"en-US\"},{\"@type\":\"Organization\",\"@id\":\"https:\/\/mt-komex.ba\/en#organization\",\"name\":\"MT-Komex BH\",\"url\":\"https:\/\/mt-komex.ba\/en\",\"logo\":{\"@type\":\"ImageObject\",\"inLanguage\":\"en-US\",\"@id\":\"https:\/\/mt-komex.ba\/en#\/schema\/logo\/image\/\",\"url\":\"https:\/\/mt-komex.ba\/wp-content\/uploads\/2024\/07\/Logo.png\",\"contentUrl\":\"https:\/\/mt-komex.ba\/wp-content\/uploads\/2024\/07\/Logo.png\",\"width\":800,\"height\":353,\"caption\":\"MT-Komex BH\"},\"image\":{\"@id\":\"https:\/\/mt-komex.ba\/en#\/schema\/logo\/image\/\"},\"sameAs\":[\"https:\/\/www.facebook.com\/profile.php?id=61557102788988\"]}]}<\/script>\n<!-- \/ Yoast SEO plugin. -->","yoast_head_json":{"title":"construction of solar power plants","description":"Construction of solar power plants on the ground, on the roof and electric power plants. Complete realization of the project.","robots":{"index":"index","follow":"follow","max-snippet":"max-snippet:-1","max-image-preview":"max-image-preview:large","max-video-preview":"max-video-preview:-1"},"canonical":"https:\/\/mt-komex.ba\/en\/construction","og_locale":"en_US","og_type":"article","og_title":"construction of solar power plants","og_description":"Construction of solar power plants on the ground, on the roof and electric power plants. Complete realization of the project.","og_url":"https:\/\/mt-komex.ba\/en\/construction","og_site_name":"MT-Komex BH","article_publisher":"https:\/\/www.facebook.com\/profile.php?id=61557102788988","article_modified_time":"2025-07-02T14:52:46+00:00","og_image":[{"url":"https:\/\/mt-komex.ba\/wp-content\/uploads\/elementor\/thumbs\/SE-zemlja-1-quod8ps3pll81x9vrh237sl8iqba91tb35nlhkmziw.jpg","type":"","width":"","height":""}],"twitter_card":"summary_large_image","twitter_misc":{"Est. reading time":"2 minutes"},"schema":{"@context":"https:\/\/schema.org","@graph":[{"@type":"WebPage","@id":"https:\/\/mt-komex.ba\/en\/construction","url":"https:\/\/mt-komex.ba\/en\/construction","name":"construction of solar power plants","isPartOf":{"@id":"https:\/\/mt-komex.ba\/en#website"},"primaryImageOfPage":{"@id":"https:\/\/mt-komex.ba\/en\/construction#primaryimage"},"image":{"@id":"https:\/\/mt-komex.ba\/en\/construction#primaryimage"},"thumbnailUrl":"https:\/\/mt-komex.ba\/wp-content\/uploads\/elementor\/thumbs\/SE-zemlja-1-quod8ps3pll81x9vrh237sl8iqba91tb35nlhkmziw.jpg","datePublished":"2024-09-26T20:10:10+00:00","dateModified":"2025-07-02T14:52:46+00:00","description":"Construction of solar power plants on the ground, on the roof and electric power plants. Complete realization of the project.","breadcrumb":{"@id":"https:\/\/mt-komex.ba\/en\/construction#breadcrumb"},"inLanguage":"en-US","potentialAction":[{"@type":"ReadAction","target":["https:\/\/mt-komex.ba\/en\/construction"]}]},{"@type":"ImageObject","inLanguage":"en-US","@id":"https:\/\/mt-komex.ba\/en\/construction#primaryimage","url":"https:\/\/mt-komex.ba\/wp-content\/uploads\/elementor\/thumbs\/SE-zemlja-1-quod8ps3pll81x9vrh237sl8iqba91tb35nlhkmziw.jpg","contentUrl":"https:\/\/mt-komex.ba\/wp-content\/uploads\/elementor\/thumbs\/SE-zemlja-1-quod8ps3pll81x9vrh237sl8iqba91tb35nlhkmziw.jpg"},{"@type":"BreadcrumbList","@id":"https:\/\/mt-komex.ba\/en\/construction#breadcrumb","itemListElement":[{"@type":"ListItem","position":1,"name":"Home","item":"https:\/\/mt-komex.ba\/en"},{"@type":"ListItem","position":2,"name":"Construction"}]},{"@type":"WebSite","@id":"https:\/\/mt-komex.ba\/en#website","url":"https:\/\/mt-komex.ba\/en","name":"MT-Komex BH","description":"Zajedno gradimo budu\u0107nost","publisher":{"@id":"https:\/\/mt-komex.ba\/en#organization"},"potentialAction":[{"@type":"SearchAction","target":{"@type":"EntryPoint","urlTemplate":"https:\/\/mt-komex.ba\/en?s={search_term_string}"},"query-input":{"@type":"PropertyValueSpecification","valueRequired":true,"valueName":"search_term_string"}}],"inLanguage":"en-US"},{"@type":"Organization","@id":"https:\/\/mt-komex.ba\/en#organization","name":"MT-Komex BH","url":"https:\/\/mt-komex.ba\/en","logo":{"@type":"ImageObject","inLanguage":"en-US","@id":"https:\/\/mt-komex.ba\/en#\/schema\/logo\/image\/","url":"https:\/\/mt-komex.ba\/wp-content\/uploads\/2024\/07\/Logo.png","contentUrl":"https:\/\/mt-komex.ba\/wp-content\/uploads\/2024\/07\/Logo.png","width":800,"height":353,"caption":"MT-Komex BH"},"image":{"@id":"https:\/\/mt-komex.ba\/en#\/schema\/logo\/image\/"},"sameAs":["https:\/\/www.facebook.com\/profile.php?id=61557102788988"]}]}},"_links":{"self":[{"href":"https:\/\/mt-komex.ba\/en\/wp-json\/wp\/v2\/pages\/2235","targetHints":{"allow":["GET"]}}],"collection":[{"href":"https:\/\/mt-komex.ba\/en\/wp-json\/wp\/v2\/pages"}],"about":[{"href":"https:\/\/mt-komex.ba\/en\/wp-json\/wp\/v2\/types\/page"}],"author":[{"embeddable":true,"href":"https:\/\/mt-komex.ba\/en\/wp-json\/wp\/v2\/users\/1"}],"replies":[{"embeddable":true,"href":"https:\/\/mt-komex.ba\/en\/wp-json\/wp\/v2\/comments?post=2235"}],"version-history":[{"count":8,"href":"https:\/\/mt-komex.ba\/en\/wp-json\/wp\/v2\/pages\/2235\/revisions"}],"predecessor-version":[{"id":2486,"href":"https:\/\/mt-komex.ba\/en\/wp-json\/wp\/v2\/pages\/2235\/revisions\/2486"}],"wp:attachment":[{"href":"https:\/\/mt-komex.ba\/en\/wp-json\/wp\/v2\/media?parent=2235"}],"curies":[{"name":"wp","href":"https:\/\/api.w.org\/{rel}","templated":true}]}}